{"id":5,"date":"2016-02-06T12:43:00","date_gmt":"2016-02-06T12:43:00","guid":{"rendered":"https:\/\/xn--hpel-0ra.de\/?page_id=5"},"modified":"2021-05-11T09:35:16","modified_gmt":"2021-05-11T09:35:16","slug":"create-your-website-with-blocks","status":"publish","type":"page","link":"https:\/\/xn--hpel-0ra.de\/","title":{"rendered":"Create your own world"},"content":{"rendered":"\n<p><\/p>\n\n\n\n<figure class=\"wp-block-gallery alignwide columns-2 is-cropped wp-block-gallery-1 is-layout-flex wp-block-gallery-is-layout-flex\"><ul class=\"blocks-gallery-grid\"><li class=\"blocks-gallery-item\"><figure><img loading=\"lazy\" decoding=\"async\" width=\"674\" height=\"1024\" src=\"https:\/\/xn--hpel-0ra.de\/wp-content\/uploads\/2021\/04\/mara-674x1024.jpg\" alt=\"\" data-id=\"27\" data-full-url=\"https:\/\/xn--hpel-0ra.de\/wp-content\/uploads\/2021\/04\/mara.jpg\" data-link=\"https:\/\/xn--hpel-0ra.de\/index.php\/2017\/04\/28\/emma-mara\/motive-indd\/\" class=\"wp-image-27\" srcset=\"https:\/\/xn--hpel-0ra.de\/wp-content\/uploads\/2021\/04\/mara-674x1024.jpg 674w, https:\/\/xn--hpel-0ra.de\/wp-content\/uploads\/2021\/04\/mara-198x300.jpg 198w, https:\/\/xn--hpel-0ra.de\/wp-content\/uploads\/2021\/04\/mara-768x1166.jpg 768w, https:\/\/xn--hpel-0ra.de\/wp-content\/uploads\/2021\/04\/mara-1011x1536.jpg 1011w, https:\/\/xn--hpel-0ra.de\/wp-content\/uploads\/2021\/04\/mara.jpg 1122w\" sizes=\"auto, (max-width: 674px) 100vw, 674px\" \/><figcaption class=\"blocks-gallery-item__caption\">Mara _ Fotografie mit Grafik <\/figcaption><\/figure><\/li><li class=\"blocks-gallery-item\"><figure><img loading=\"lazy\" decoding=\"async\" width=\"670\" height=\"1024\" src=\"https:\/\/xn--hpel-0ra.de\/wp-content\/uploads\/2021\/04\/emma-huepel-670x1024.jpg\" alt=\"\" data-id=\"28\" data-full-url=\"https:\/\/xn--hpel-0ra.de\/wp-content\/uploads\/2021\/04\/emma-huepel.jpg\" data-link=\"https:\/\/xn--hpel-0ra.de\/index.php\/2017\/04\/28\/emma-mara\/motive-indd-2\/\" class=\"wp-image-28\" srcset=\"https:\/\/xn--hpel-0ra.de\/wp-content\/uploads\/2021\/04\/emma-huepel-670x1024.jpg 670w, https:\/\/xn--hpel-0ra.de\/wp-content\/uploads\/2021\/04\/emma-huepel-196x300.jpg 196w, https:\/\/xn--hpel-0ra.de\/wp-content\/uploads\/2021\/04\/emma-huepel-768x1173.jpg 768w, https:\/\/xn--hpel-0ra.de\/wp-content\/uploads\/2021\/04\/emma-huepel-1005x1536.jpg 1005w, https:\/\/xn--hpel-0ra.de\/wp-content\/uploads\/2021\/04\/emma-huepel.jpg 1105w\" sizes=\"auto, (max-width: 670px) 100vw, 670px\" \/><figcaption class=\"blocks-gallery-item__caption\">Emma _ Fotografie mit Grafik <\/figcaption><\/figure><\/li><\/ul><\/figure>\n\n\n\n<p>Eine Ideenplattform f\u00fcr unfertige, fertige Ideen und Visionen, Gedankengeber und Anstubser, Ventilgeber und Motor f\u00fcr die Inspiration von vielen und mehr.<\/p>\n\n\n\n<p>Die bunte Welt der Formen, Farben und Materialien.<br>Visuelle Gestaltung und k\u00fcnsterlische Ausarbeitung von verschiedenen Details.<\/p>\n","protected":false},"excerpt":{"rendered":"<p>Eine Ideenplattform f\u00fcr unfertige, fertige Ideen und Visionen, Gedankengeber und Anstubser, Ventilgeber und Motor f\u00fcr die Inspiration von vielen und mehr. Die bunte Welt der Formen, Farben und Materialien.Visuelle Gestaltung und k\u00fcnsterlische Ausarbeitung von verschiedenen Details.<\/p>\n","protected":false},"author":1,"featured_media":0,"parent":0,"menu_order":0,"comment_status":"closed","ping_status":"closed","template":"","meta":{"footnotes":""},"class_list":["post-5","page","type-page","status-publish","hentry","entry"],"_links":{"self":[{"href":"https:\/\/xn--hpel-0ra.de\/index.php\/wp-json\/wp\/v2\/pages\/5","targetHints":{"allow":["GET"]}}],"collection":[{"href":"https:\/\/xn--hpel-0ra.de\/index.php\/wp-json\/wp\/v2\/pages"}],"about":[{"href":"https:\/\/xn--hpel-0ra.de\/index.php\/wp-json\/wp\/v2\/types\/page"}],"author":[{"embeddable":true,"href":"https:\/\/xn--hpel-0ra.de\/index.php\/wp-json\/wp\/v2\/users\/1"}],"replies":[{"embeddable":true,"href":"https:\/\/xn--hpel-0ra.de\/index.php\/wp-json\/wp\/v2\/comments?post=5"}],"version-history":[{"count":9,"href":"https:\/\/xn--hpel-0ra.de\/index.php\/wp-json\/wp\/v2\/pages\/5\/revisions"}],"predecessor-version":[{"id":140,"href":"https:\/\/xn--hpel-0ra.de\/index.php\/wp-json\/wp\/v2\/pages\/5\/revisions\/140"}],"wp:attachment":[{"href":"https:\/\/xn--hpel-0ra.de\/index.php\/wp-json\/wp\/v2\/media?parent=5"}],"curies":[{"name":"wp","href":"https:\/\/api.w.org\/{rel}","templated":true}]}}